{"id":726,"date":"2023-10-10T13:55:49","date_gmt":"2023-10-10T17:55:49","guid":{"rendered":"https:\/\/lab-embeph.mus.ulaval.ca\/actualites\/"},"modified":"2024-06-26T14:59:53","modified_gmt":"2024-06-26T18:59:53","slug":"actualites","status":"publish","type":"page","link":"https:\/\/lab-embeph.mus.ulaval.ca\/en\/actualites\/","title":{"rendered":"News"},"content":{"rendered":"\n<section class=\"wp-block-csrtcommun-gutenberg-block-bloc-strate  strate bg-undefined\" aria-label=\"\"><div class=\"strate-contenu\"><div class=\"posts_bloc__wrapper \"><section class=\"posts_bloc__liste avec-image\"><ul class=\"posts_bloc__liste-ul\"><li class=\"posts_bloc__article  grid-3-posts\">\n\t\t\t\t\t<div class=\"posts_bloc__article-image\"><img decoding=\"async\" src=\"https:\/\/lab-embeph.mus.ulaval.ca\/\/app\/uploads\/2025\/12\/Colloque-Durango-790x1024.jpg\" alt=\"\"\/><\/div>\n\t\t\t\t\t<div class=\"posts_bloc__article-contenu\"><div class=\"posts_bloc__article-titre\"><h3>Le Lab-EMBEPH \u00e0 l&#8217;Universidad Juarez de l&#8217;Estado de Durango (UJED) au M\u00e9xique<\/h3><\/div><div class=\"posts_bloc__article-extrait\">Marie-Claude Mathieu, Angelina Lynne et Malinalli Peral Garcia, toutes les trois membres du Laboratoire \u00e9ducation [&hellip;]<\/div><div class=\"posts_bloc__article-date\"><span>November 12, 2025<\/span><\/div><a class=\"posts_bloc__article-lien\" href=\"https:\/\/lab-embeph.mus.ulaval.ca\/en\/actualites-en\/le-lab-embeph-a-lecole-superieure-de-musique-de-luniversite-juarez-de-letat-de-durango-au-mexique-lors-du-vii-colloque-international-experiences-et-defis-de-la-recherche-musicale\/\"><span class=\"texte-hors-ecran\">Le Lab-EMBEPH \u00e0 l&#8217;Universidad Juarez de l&#8217;Estado de Durango (UJED) au M\u00e9xique<\/span><\/a><\/div>\n\t\t\t\t<\/li><li class=\"posts_bloc__article  grid-3-posts\">\n\t\t\t\t\t<div class=\"posts_bloc__article-image\"><img decoding=\"async\" src=\"https:\/\/lab-embeph.mus.ulaval.ca\/\/app\/uploads\/2025\/12\/ACFAS_5mai-1024x808.jpg\" alt=\"\"\/><\/div>\n\t\t\t\t\t<div class=\"posts_bloc__article-contenu\"><div class=\"posts_bloc__article-titre\"><h3>Colloque \u00abKisk\u00eayihtamowin : r\u00e9surgence des p\u00e9dagogies autochtones\u00bb<\/h3><\/div><div class=\"posts_bloc__article-extrait\">Marie-Claude Mathieu, doctorante en \u00e9ducation musicale et membre du Lab-EMBEPH, a pris part au colloque [&hellip;]<\/div><div class=\"posts_bloc__article-date\"><span>May 5, 2025<\/span><\/div><a class=\"posts_bloc__article-lien\" href=\"https:\/\/lab-embeph.mus.ulaval.ca\/en\/actualites-en\/le-lab-embeph-au-colloque-kiskeyihtamowin-resurgence-des-pedagogies-autochtones-dans-le-cadre-du-congres-de-lacfas-a-montreal\/\"><span class=\"texte-hors-ecran\">Colloque \u00abKisk\u00eayihtamowin : r\u00e9surgence des p\u00e9dagogies autochtones\u00bb<\/span><\/a><\/div>\n\t\t\t\t<\/li><li class=\"posts_bloc__article  grid-3-posts\">\n\t\t\t\t\t<div class=\"posts_bloc__article-image\"><img decoding=\"async\" src=\"https:\/\/lab-embeph.mus.ulaval.ca\/\/app\/uploads\/2025\/03\/Mathieu_MC-731x1024.jpg\" alt=\"\"\/><\/div>\n\t\t\t\t\t<div class=\"posts_bloc__article-contenu\"><div class=\"posts_bloc__article-titre\"><h3>Marie-Claude Mathieu pr\u00e9sente son projet de doctorat \u00e0 la HEP Vaud \u00e0 Lausanne<\/h3><\/div><div class=\"posts_bloc__article-extrait\">Le 7 mars dernier, Marie-Claude Mathieu, doctorante en \u00e9ducation et musicale et charg\u00e9e de cours [&hellip;]<\/div><div class=\"posts_bloc__article-date\"><span>March 7, 2025<\/span><\/div><a class=\"posts_bloc__article-lien\" href=\"https:\/\/lab-embeph.mus.ulaval.ca\/en\/actualites-en\/marie-claude-mathieu-membre-du-lab-embeph-a-presente-son-projet-de-doctorat-a-la-haute-ecole-pedagogique-du-canton-de-vaud-a-lausanne-lors-de-la-journee-detude-collaborations-et-creations-da\/\"><span class=\"texte-hors-ecran\">Marie-Claude Mathieu pr\u00e9sente son projet de doctorat \u00e0 la HEP Vaud \u00e0 Lausanne<\/span><\/a><\/div>\n\t\t\t\t<\/li><li class=\"posts_bloc__article  grid-3-posts\">\n\t\t\t\t\t<div class=\"posts_bloc__article-image\"><img decoding=\"async\" src=\"https:\/\/lab-embeph.mus.ulaval.ca\/\/app\/uploads\/2024\/03\/ISME-2024-1-1024x494.jpg\" alt=\"\"\/><\/div>\n\t\t\t\t\t<div class=\"posts_bloc__article-contenu\"><div class=\"posts_bloc__article-titre\"><h3>Symposium accepted at the 36th ISME Congress &#8211; Helsinki 2024\u00a0<\/h3><\/div><div class=\"posts_bloc__article-extrait\">The symposium entitled &#8220;How Might Music Education Contribute to Well-Being and Human Potential for Individuals, [&hellip;]<\/div><div class=\"posts_bloc__article-date\"><span>March 18, 2024<\/span><\/div><a class=\"posts_bloc__article-lien\" href=\"https:\/\/lab-embeph.mus.ulaval.ca\/en\/actualites-en\/symposium-accepte-au-congres-isme-2024\/\"><span class=\"texte-hors-ecran\">Symposium accepted at the 36th ISME Congress &#8211; Helsinki 2024\u00a0<\/span><\/a><\/div>\n\t\t\t\t<\/li><li class=\"posts_bloc__article  grid-3-posts\">\n\t\t\t\t\t<div class=\"posts_bloc__article-image\"><img decoding=\"async\" src=\"https:\/\/lab-embeph.mus.ulaval.ca\/\/app\/uploads\/2024\/03\/Mario-Girard-1024x683.webp\" alt=\"\"\/><\/div>\n\t\t\t\t\t<div class=\"posts_bloc__article-contenu\"><div class=\"posts_bloc__article-titre\"><h3>Even virtual art improves health | La Presse\u00a0<\/h3><\/div><div class=\"posts_bloc__article-extrait\">Read Mario Girard&#8217;s article in La Presse.<\/div><div class=\"posts_bloc__article-date\"><span>March 10, 2024<\/span><\/div><a class=\"posts_bloc__article-lien\" href=\"https:\/\/lab-embeph.mus.ulaval.ca\/en\/actualites-en\/meme-virtuel-lart-ameliore-la-sante-la-presse\/\"><span class=\"texte-hors-ecran\">Even virtual art improves health | La Presse\u00a0<\/span><\/a><\/div>\n\t\t\t\t<\/li><li class=\"posts_bloc__article  grid-3-posts\">\n\t\t\t\t\t<div class=\"posts_bloc__article-image\"><img decoding=\"async\" src=\"https:\/\/lab-embeph.mus.ulaval.ca\/\/app\/uploads\/2024\/03\/Bruce-Springsteen.png\" alt=\"\"\/><\/div>\n\t\t\t\t\t<div class=\"posts_bloc__article-contenu\"><div class=\"posts_bloc__article-titre\"><h3>Video Bruce Springsteen pays tribute to late mother &#8211; ABC News<\/h3><\/div><div class=\"posts_bloc__article-extrait\">Watch the report on ABC News.<\/div><div class=\"posts_bloc__article-date\"><span>March 10, 2024<\/span><\/div><a class=\"posts_bloc__article-lien\" href=\"https:\/\/lab-embeph.mus.ulaval.ca\/en\/actualites-en\/video-bruce-springsteen-pays-tribute-to-late-mother-abc-news\/\"><span class=\"texte-hors-ecran\">Video Bruce Springsteen pays tribute to late mother &#8211; ABC News<\/span><\/a><\/div>\n\t\t\t\t<\/li><li class=\"posts_bloc__article  grid-3-posts\">\n\t\t\t\t\t<div class=\"posts_bloc__article-image\"><img decoding=\"async\" src=\"https:\/\/lab-embeph.mus.ulaval.ca\/\/app\/uploads\/2024\/03\/Projet_Bien-etre_1-859x1024.jpg\" alt=\"\"\/><\/div>\n\t\t\t\t\t<div class=\"posts_bloc__article-contenu\"><div class=\"posts_bloc__article-titre\"><h3>Support group for primary school specialists\u00a0<\/h3><\/div><div class=\"posts_bloc__article-extrait\">During the fall of 2023, the new OICRM-ULaval\u00a0Laboratory &#8220;Music Education, Well-Being and Human Potential&#8221;, headed [&hellip;]<\/div><div class=\"posts_bloc__article-date\"><span>March 10, 2024<\/span><\/div><a class=\"posts_bloc__article-lien\" href=\"https:\/\/lab-embeph.mus.ulaval.ca\/en\/actualites-en\/groupe-de-soutien-pour-les-specialistes-au-primaire\/\"><span class=\"texte-hors-ecran\">Support group for primary school specialists\u00a0<\/span><\/a><\/div>\n\t\t\t\t<\/li><li class=\"posts_bloc__article  grid-3-posts\">\n\t\t\t\t\t<div class=\"posts_bloc__article-image\"><img decoding=\"async\" src=\"https:\/\/lab-embeph.mus.ulaval.ca\/\/app\/themes\/csrt-wp-csrt-commun-cms\/assets\/img\/default-image.png\" alt=\"\"\/><\/div>\n\t\t\t\t\t<div class=\"posts_bloc__article-contenu\"><div class=\"posts_bloc__article-titre\"><h3>Valerie Peters and Josiane Bissonnette publish an article\u00a0<\/h3><\/div><div class=\"posts_bloc__article-extrait\">Valerie Peters (lead author) and Josiane Bissonnette published the article &#8220;The Impact of Musicking on [&hellip;]<\/div><div class=\"posts_bloc__article-date\"><span>March 10, 2024<\/span><\/div><a class=\"posts_bloc__article-lien\" href=\"https:\/\/lab-embeph.mus.ulaval.ca\/en\/actualites-en\/valerie-peters-et-josiane-bissonnette-publient-un-article\/\"><span class=\"texte-hors-ecran\">Valerie Peters and Josiane Bissonnette publish an article\u00a0<\/span><\/a><\/div>\n\t\t\t\t<\/li><li class=\"posts_bloc__article  grid-3-posts\">\n\t\t\t\t\t<div class=\"posts_bloc__article-image\"><img decoding=\"async\" src=\"https:\/\/lab-embeph.mus.ulaval.ca\/\/app\/uploads\/2024\/03\/Orchestre-de-Sherbrooke-1024x574.jpg\" alt=\"\"\/><\/div>\n\t\t\t\t\t<div class=\"posts_bloc__article-contenu\"><div class=\"posts_bloc__article-titre\"><h3>Sherbrooke Symphony Orchestra tours CHSLDs | Noovo Info<\/h3><\/div><div class=\"posts_bloc__article-extrait\">View the report on Noovo.<\/div><div class=\"posts_bloc__article-date\"><span>March 10, 2024<\/span><\/div><a class=\"posts_bloc__article-lien\" href=\"https:\/\/lab-embeph.mus.ulaval.ca\/en\/actualites-en\/lorchestre-symphonique-de-sherbrooke-en-tournee-dans-des-chsld-noovo-info\/\"><span class=\"texte-hors-ecran\">Sherbrooke Symphony Orchestra tours CHSLDs | Noovo Info<\/span><\/a><\/div>\n\t\t\t\t<\/li><li class=\"posts_bloc__article  grid-3-posts\">\n\t\t\t\t\t<div class=\"posts_bloc__article-image\"><img decoding=\"async\" src=\"https:\/\/lab-embeph.mus.ulaval.ca\/\/app\/uploads\/2023\/10\/Actualite1-1024x768.jpg\" alt=\"\"\/><\/div>\n\t\t\t\t\t<div class=\"posts_bloc__article-contenu\"><div class=\"posts_bloc__article-titre\"><h3>2023 Symposium on Music Teacher Education<\/h3><\/div><div class=\"posts_bloc__article-extrait\">Marie-Claude Mathieu, doctoral student in music education, and Valerie Peters, her research director and full [&hellip;]<\/div><div class=\"posts_bloc__article-date\"><span>October 19, 2023<\/span><\/div><a class=\"posts_bloc__article-lien\" href=\"https:\/\/lab-embeph.mus.ulaval.ca\/en\/actualites-en\/2023-symposium-on-music-teacher-education\/\"><span class=\"texte-hors-ecran\">2023 Symposium on Music Teacher Education<\/span><\/a><\/div>\n\t\t\t\t<\/li><\/ul><\/section><\/div><div class=\"clearFix\"><\/div><\/div><\/section>\n","protected":false},"excerpt":{"rendered":"","protected":false},"author":7,"featured_media":0,"parent":0,"menu_order":0,"comment_status":"closed","ping_status":"closed","template":"page-titre.php","meta":{"_acf_changed":false,"footnotes":""},"class_list":["post-726","page","type-page","status-publish","hentry"],"acf":[],"_links":{"self":[{"href":"https:\/\/lab-embeph.mus.ulaval.ca\/en\/wp-json\/wp\/v2\/pages\/726","targetHints":{"allow":["GET"]}}],"collection":[{"href":"https:\/\/lab-embeph.mus.ulaval.ca\/en\/wp-json\/wp\/v2\/pages"}],"about":[{"href":"https:\/\/lab-embeph.mus.ulaval.ca\/en\/wp-json\/wp\/v2\/types\/page"}],"author":[{"embeddable":true,"href":"https:\/\/lab-embeph.mus.ulaval.ca\/en\/wp-json\/wp\/v2\/users\/7"}],"replies":[{"embeddable":true,"href":"https:\/\/lab-embeph.mus.ulaval.ca\/en\/wp-json\/wp\/v2\/comments?post=726"}],"version-history":[{"count":1,"href":"https:\/\/lab-embeph.mus.ulaval.ca\/en\/wp-json\/wp\/v2\/pages\/726\/revisions"}],"predecessor-version":[{"id":731,"href":"https:\/\/lab-embeph.mus.ulaval.ca\/en\/wp-json\/wp\/v2\/pages\/726\/revisions\/731"}],"wp:attachment":[{"href":"https:\/\/lab-embeph.mus.ulaval.ca\/en\/wp-json\/wp\/v2\/media?parent=726"}],"curies":[{"name":"wp","href":"https:\/\/api.w.org\/{rel}","templated":true}]}}