{"id":728,"date":"2021-01-13T21:09:25","date_gmt":"2021-01-13T20:09:25","guid":{"rendered":"https:\/\/lab-embeph.mus.ulaval.ca\/nous-joindre\/"},"modified":"2024-08-01T10:49:02","modified_gmt":"2024-08-01T14:49:02","slug":"nous-joindre","status":"publish","type":"page","link":"https:\/\/lab-embeph.mus.ulaval.ca\/en\/nous-joindre\/","title":{"rendered":"Contact Us"},"content":{"rendered":"\n<section class=\"wp-block-csrtcommun-gutenberg-block-bloc-strate  strate bg-undefined\" aria-label=\"\"><div class=\"strate-contenu\">\n<div class=\"wp-block-csrtcommun-gutenberg-block-bloc-nous-joindre bloc-nous-joindre__wrapper\"><div class=\"bloc-col-gauche__wrapper\"><div class=\"titre\">Music Education, Well-being and Human Potential Laboratory (Lab EMBEPH)<\/div><div class=\"adresse\"><\/div><div class=\"telephone\"><a href=\"tel:-\" aria-label=\"Num\u00e9ro de t\u00e9l\u00e9phone : \"><span aria-hidden=\"true\">&#8211;<\/span><\/a><\/div><div class=\"courriel\"><a href=\"mailto:lab-embeph@mus.ulaval.ca\" aria-label=\"Adresse courriel lab-embeph@mus.ulaval.ca\">lab-embeph@mus.ulaval.ca<\/a><\/div><\/div><div class=\"bloc-col-droite__wrapper\"><div><\/div><\/div><\/div>\n<div class=\"clearFix\"><\/div><\/div><\/section>\n","protected":false},"excerpt":{"rendered":"","protected":false},"author":1,"featured_media":0,"parent":0,"menu_order":0,"comment_status":"closed","ping_status":"closed","template":"page-titre.php","meta":{"_acf_changed":false,"footnotes":""},"class_list":["post-728","page","type-page","status-publish","hentry"],"acf":[],"_links":{"self":[{"href":"https:\/\/lab-embeph.mus.ulaval.ca\/en\/wp-json\/wp\/v2\/pages\/728","targetHints":{"allow":["GET"]}}],"collection":[{"href":"https:\/\/lab-embeph.mus.ulaval.ca\/en\/wp-json\/wp\/v2\/pages"}],"about":[{"href":"https:\/\/lab-embeph.mus.ulaval.ca\/en\/wp-json\/wp\/v2\/types\/page"}],"author":[{"embeddable":true,"href":"https:\/\/lab-embeph.mus.ulaval.ca\/en\/wp-json\/wp\/v2\/users\/1"}],"replies":[{"embeddable":true,"href":"https:\/\/lab-embeph.mus.ulaval.ca\/en\/wp-json\/wp\/v2\/comments?post=728"}],"version-history":[{"count":2,"href":"https:\/\/lab-embeph.mus.ulaval.ca\/en\/wp-json\/wp\/v2\/pages\/728\/revisions"}],"predecessor-version":[{"id":900,"href":"https:\/\/lab-embeph.mus.ulaval.ca\/en\/wp-json\/wp\/v2\/pages\/728\/revisions\/900"}],"wp:attachment":[{"href":"https:\/\/lab-embeph.mus.ulaval.ca\/en\/wp-json\/wp\/v2\/media?parent=728"}],"curies":[{"name":"wp","href":"https:\/\/api.w.org\/{rel}","templated":true}]}}