{"id":729,"date":"2023-10-10T13:45:49","date_gmt":"2023-10-10T17:45:49","guid":{"rendered":"https:\/\/lab-embeph.mus.ulaval.ca\/publications\/"},"modified":"2026-03-25T21:47:41","modified_gmt":"2026-03-26T01:47:41","slug":"publications","status":"publish","type":"page","link":"https:\/\/lab-embeph.mus.ulaval.ca\/en\/publications\/","title":{"rendered":"Achievements"},"content":{"rendered":"\n<section class=\"wp-block-csrtcommun-gutenberg-block-bloc-strate  strate bg-undefined\" aria-label=\"\"><div class=\"strate-contenu\">\n<div class=\"wp-block-getwid-content-timeline gauche\" data-animation=\"none\" data-filling=\"true\"><div class=\"wp-block-getwid-content-timeline__line\"><div class=\"wp-block-getwid-content-timeline__bar\"><\/div><\/div><div class=\"wp-block-getwid-content-timeline__wrapper\">\n<div class=\"wp-block-getwid-content-timeline-item\"><div class=\"wp-block-getwid-content-timeline-item__wrapper\"><div class=\"wp-block-getwid-content-timeline-item__card\"><div class=\"wp-block-getwid-content-timeline-item__card-wrapper\"><div class=\"wp-block-getwid-content-timeline-item__content-wrapper\"><div class=\"wp-block-getwid-content-timeline-item__mobile-meta\"><p class=\"wp-block-getwid-content-timeline-item__meta-content\">2026<\/p><\/div>\n<h3 class=\"wp-block-heading\">Healthcare Workers\u2019 Recommendations for Implementing Personalized Music Interventions in Senior Housing: Preliminary Findings<\/h3>\n\n\n\n<p>Marois, \u00c9., C\u00f4t\u00e9, J., Ribon-Demars, A., Peters, V. et Hudon, C. Healthcare Workers\u2019 Recommendations for Implementing Personalized Music Interventions in Senior Housing: Preliminary Findings. 37th ISME World Conference &#8211; Unity in Music Education: Building Bridges for all, Montr\u00e9al, Canada. [R\u00e9sum\u00e9 pour un congr\u00e8s]. Date pr\u00e9vue de la conf\u00e9rence: 2026\/7.<\/p>\n\n\n\n<h3 class=\"wp-block-heading\">Learning to Sing Arabic Choral Music: Experiences of Older Adult Choristers in a Western Community Choir Context<\/h3>\n\n\n\n<p>Lynne, A. (2026). <em>Learning to Sing Arabic Choral Music: Experiences of Older Adult Choristers in a Western Community Choir Context <\/em>[Paper presentation]. Podium Choral Conference and Festival, Victoria, Canada. Date pr\u00e9vue de l&#8217;\u00e9v\u00e8nement: 2026\/5<\/p>\n<\/div><\/div><\/div><div class=\"wp-block-getwid-content-timeline-item__point\"><div class=\"wp-block-getwid-content-timeline-item__point-content\"><\/div><\/div><div class=\"wp-block-getwid-content-timeline-item__meta\"><p class=\"wp-block-getwid-content-timeline-item__meta-content\">2026<\/p><\/div><\/div><\/div>\n\n\n\n<div class=\"wp-block-getwid-content-timeline-item\"><div class=\"wp-block-getwid-content-timeline-item__wrapper\"><div class=\"wp-block-getwid-content-timeline-item__card\"><div class=\"wp-block-getwid-content-timeline-item__card-wrapper\"><div class=\"wp-block-getwid-content-timeline-item__content-wrapper\"><div class=\"wp-block-getwid-content-timeline-item__mobile-meta\"><p class=\"wp-block-getwid-content-timeline-item__meta-content\">2025<\/p><\/div>\n<h3 class=\"wp-block-heading\">Mon corps mon instrument : une nouvelle ressource pour enseigner la posture<\/h3>\n\n\n\n<p>Fournier, G. et Ouellet-Demers, A. (2025, 13\u201315 novembre). Mon corps mon instrument : une nouvelle ressource pour enseigner la posture [Communication orale]. Congr\u00e8s de la F\u00e9d\u00e9ration des associations de musiciens \u00e9ducateurs du Qu\u00e9bec, Rimouski.<\/p>\n\n\n\n<h3 class=\"wp-block-heading\">Descolonizaci\u00f3n y autoctonizaci\u00f3n de la educaci\u00f3n musical en Quebec: retos y perspectivas<\/h3>\n\n\n\n<p>Mathieu, M.-C. &amp; Peral Garcia, M. (2025, 12-14 novembre ). Descolonizaci\u00f3n y autoctonizaci\u00f3n de la educaci\u00f3n musical en Quebec: retos y perspectivas [Conference]. VII Coloquio Internacional Experiencias y retos de la investigaci\u00f3n de la m\u00fasica, Durango, Dgo. M\u00e9xique.<\/p>\n\n\n\n<h3 class=\"wp-block-heading\">RockHub como actividad musical para promover el aprendizaje de los adultos mayores<\/h3>\n\n\n\n<p>Lynne, A. &amp; Peral Garcia, M. (2025, 12-14 novembre ). RockHub como actividad musical para promover el aprendizaje de los adultos mayores [Conference]. VII Coloquio Internacional Experiencias y retos de la investigaci\u00f3n de la m\u00fasica, Durango, Dgo. M\u00e9xique.<\/p>\n\n\n\n<h3 class=\"wp-block-heading\">Music-Based Interventions and socioemotional skills in school-age children: A meta-analysis.<\/h3>\n\n\n\n<p>Peters, V., Bissonnette, J., Pomerleau-Turcotte, J., Baudry, C., Gauthier-L\u00e9gar\u00e9, A., Lemay, G., &amp; Raymond, J. Music-Based Interventions and socioemotional skills in school-age children: A meta-analysis. (Manuscript submitted for publication, 2025). Journal of Research in Music Education. Sage Publications.<\/p>\n<\/div><\/div><\/div><div class=\"wp-block-getwid-content-timeline-item__point\"><div class=\"wp-block-getwid-content-timeline-item__point-content\"><\/div><\/div><div class=\"wp-block-getwid-content-timeline-item__meta\"><p class=\"wp-block-getwid-content-timeline-item__meta-content\">2025<\/p><\/div><\/div><\/div>\n\n\n\n<div class=\"wp-block-getwid-content-timeline-item\"><div class=\"wp-block-getwid-content-timeline-item__wrapper\"><div class=\"wp-block-getwid-content-timeline-item__card\"><div class=\"wp-block-getwid-content-timeline-item__card-wrapper\"><div class=\"wp-block-getwid-content-timeline-item__content-wrapper\"><div class=\"wp-block-getwid-content-timeline-item__mobile-meta\"><p class=\"wp-block-getwid-content-timeline-item__meta-content\">2024<\/p><\/div>\n<h3 class=\"wp-block-heading\">Arabic choral music: Navigating the challenges and questions encountered while learning and teaching the repertoire&nbsp;<\/h3>\n\n\n\n<p>Lynne, A., Abu Khader, S., &amp; Lee, J. M. (2024, Nov 11-16). <em>Arabic choral music: Navigating the challenges and questions encountered while learning and teaching the repertoire&nbsp;<\/em>[Roundtable]. 58th&nbsp;Annual Meeting of the Middle East Studies Association, Washington D.C., USA.<\/p>\n\n\n\n<h3 class=\"wp-block-heading\">Empowering hard-of-hearing seniors to reconnect with music through online musical activities&nbsp;<\/h3>\n\n\n\n<p>Lynne, A., Whittom, A., Sharp, A., &amp; A. Peters, V. (2024, July 28-Aug 2).&nbsp;<em>Empowering hard-of-hearing seniors to reconnect with music through online musical activities<\/em>&nbsp;[Symposium]. 36th&nbsp;World Conference of the International Society for Music Education, Helsinki, Finland.<\/p>\n\n\n\n<h3 class=\"wp-block-heading\">An introduction to the qud\u016bd halab\u012byya and elements of Arabic choral music&nbsp;<\/h3>\n\n\n\n<p>Lynne, A. (2024, July 28-Aug 2).&nbsp;<em>An introduction to the qud\u016bd halab\u012byya and elements of Arabic choral music<\/em>&nbsp;[Workshop presentation].&nbsp;36th&nbsp;World Conference of the International Society for Music Education, Helsinki, Finland.<\/p>\n\n\n\n<h3 class=\"wp-block-heading\">Traditional musics: Why and how we integrate them in our school music programs?<\/h3>\n\n\n\n<p>Mathieu, M.-C. et Peters, V. (2024, 22-26 juillet). Traditional musics: Why and how we integrate them in our school music programs? [Atelier]. Music in Schools and Teacher Education Commission ISME Pre-Conference Seminar. Estonian Academy of Music and Theater, Tallin, Estonie.<\/p>\n\n\n\n<h3 class=\"wp-block-heading\">Une introduction au \u00ab al-Qud\u016bd al-Halab\u012byya \u00bb et \u00e0 la musique chorale arabe<\/h3>\n\n\n\n<p>Lynne, A., &amp; Abu Khader, S. (2024, May 16-19)&nbsp;<em>Une introduction au \u00ab al-Qud\u016bd al-Halab\u012byya \u00bb et \u00e0 la musique chorale arabe<\/em>&nbsp;[Workshop presentation]. Podium Choral Conference and Festival, Montreal, Canada.<\/p>\n\n\n\n<h3 class=\"wp-block-heading\">Maintenir la dignit\u00e9 de personnes vivant avec un trouble neurocognitif majeur et r\u00e9sidant en Maison des a\u00een\u00e9s et alternative par le biais d\u2019une offre de musique personnalis\u00e9e<\/h3>\n\n\n\n<p>Marois, \u00c9. (18\/05\/2024). Maintenir la dignit\u00e9 de personnes vivant avec un trouble neurocognitif majeur et r\u00e9sidant en Maison des a\u00een\u00e9s et alternative par le biais d\u2019une offre de musique personnalis\u00e9e [communication orale]. Colloque \u2013 La recherche musicale interdisciplinaire en r\u00e9flexion\/action, Universit\u00e9 Laval, Qu\u00e9bec, Canada.<\/p>\n<\/div><\/div><\/div><div class=\"wp-block-getwid-content-timeline-item__point\"><div class=\"wp-block-getwid-content-timeline-item__point-content\"><\/div><\/div><div class=\"wp-block-getwid-content-timeline-item__meta\"><p class=\"wp-block-getwid-content-timeline-item__meta-content\">2024<\/p><\/div><\/div><\/div>\n\n\n\n<div class=\"wp-block-getwid-content-timeline-item\"><div class=\"wp-block-getwid-content-timeline-item__wrapper\"><div class=\"wp-block-getwid-content-timeline-item__card\"><div class=\"wp-block-getwid-content-timeline-item__card-wrapper\"><div class=\"wp-block-getwid-content-timeline-item__content-wrapper\"><div class=\"wp-block-getwid-content-timeline-item__mobile-meta\"><p class=\"wp-block-getwid-content-timeline-item__meta-content\">2023<\/p><\/div>\n<h3 class=\"wp-block-heading\">Permettre aux personnes \u00e2g\u00e9es malentendantes de renouer avec la musique gr\u00e2ce \u00e0 des activit\u00e9s musicales en ligne<\/h3>\n\n\n\n<p>Lynne, A., Whittom, A., Fiset, M., Blanchette, I., Tremblay, P., Peters, V., &amp; Sharp, A. (2023, Dec 8).&nbsp;<em>Permettre aux personnes \u00e2g\u00e9es malentendantes de renouer avec la musique gr\u00e2ce \u00e0 des activit\u00e9s musicales en ligne<\/em>&nbsp;[Poster presentation]. Journ\u00e9e Scientifique du Centre de recherche CERVO Brain Research Centre, Quebec City, Canada.<\/p>\n\n\n\n<h3 class=\"wp-block-heading\">The Impact of Musicking on Emotion Regulation: A Systematic Review and Meta-Analysis<\/h3>\n\n\n\n<p>Peters, V., Bissonnette, J., Nadeau, D., Gauthier-L\u00e9gar\u00e9, A., &amp; No\u00ebl, M.-A. (2023). <em>The impact of musicking on emotion regulation: A systematic review and meta-analysis.<\/em> Psychology of Music.<\/p>\n\n\n\n<p><a href=\"https:\/\/doi.org\/10.1177\/03057356231212362\" target=\"_blank\" rel=\"noreferrer noopener\">https:\/\/doi.org\/10.1177\/03057356231212362<\/a><\/p>\n\n\n\n<h3 class=\"wp-block-heading\">Psychological health of professors: Transforming university culture<\/h3>\n\n\n\n<p>Peters, V., Dobbs, T. L., Barrett, J. R., &amp; Hickey, M. (accept\u00e9).&nbsp;<em>Psychological health of professors: Transforming university culture<\/em>. In M. Silverman &amp; N. Niknafs (Eds.),&nbsp;Oxford Handbook of Feminism and Music Education&nbsp;(OHFME).&nbsp;<\/p>\n<\/div><\/div><\/div><div class=\"wp-block-getwid-content-timeline-item__point\"><div class=\"wp-block-getwid-content-timeline-item__point-content\"><\/div><\/div><div class=\"wp-block-getwid-content-timeline-item__meta\"><p class=\"wp-block-getwid-content-timeline-item__meta-content\">2023<\/p><\/div><\/div><\/div>\n<\/div><\/div>\n<div class=\"clearFix\"><\/div><\/div><\/section>\n","protected":false},"excerpt":{"rendered":"","protected":false},"author":12,"featured_media":0,"parent":0,"menu_order":0,"comment_status":"closed","ping_status":"closed","template":"page-titre.php","meta":{"_acf_changed":false,"footnotes":""},"class_list":["post-729","page","type-page","status-publish","hentry"],"acf":[],"_links":{"self":[{"href":"https:\/\/lab-embeph.mus.ulaval.ca\/en\/wp-json\/wp\/v2\/pages\/729","targetHints":{"allow":["GET"]}}],"collection":[{"href":"https:\/\/lab-embeph.mus.ulaval.ca\/en\/wp-json\/wp\/v2\/pages"}],"about":[{"href":"https:\/\/lab-embeph.mus.ulaval.ca\/en\/wp-json\/wp\/v2\/types\/page"}],"author":[{"embeddable":true,"href":"https:\/\/lab-embeph.mus.ulaval.ca\/en\/wp-json\/wp\/v2\/users\/12"}],"replies":[{"embeddable":true,"href":"https:\/\/lab-embeph.mus.ulaval.ca\/en\/wp-json\/wp\/v2\/comments?post=729"}],"version-history":[{"count":9,"href":"https:\/\/lab-embeph.mus.ulaval.ca\/en\/wp-json\/wp\/v2\/pages\/729\/revisions"}],"predecessor-version":[{"id":1364,"href":"https:\/\/lab-embeph.mus.ulaval.ca\/en\/wp-json\/wp\/v2\/pages\/729\/revisions\/1364"}],"wp:attachment":[{"href":"https:\/\/lab-embeph.mus.ulaval.ca\/en\/wp-json\/wp\/v2\/media?parent=729"}],"curies":[{"name":"wp","href":"https:\/\/api.w.org\/{rel}","templated":true}]}}