{"id":935,"date":"2023-10-10T13:34:40","date_gmt":"2023-10-10T17:34:40","guid":{"rendered":"https:\/\/lab-embeph.mus.ulaval.ca\/a-propos\/"},"modified":"2025-10-28T13:22:23","modified_gmt":"2025-10-28T17:22:23","slug":"a-propos","status":"publish","type":"page","link":"https:\/\/lab-embeph.mus.ulaval.ca\/es\/a-propos\/","title":{"rendered":"Acerca de nosotros"},"content":{"rendered":"\n<section class=\"wp-block-csrtcommun-gutenberg-block-bloc-strate  strate bg-undefined\" aria-label=\"\"><div class=\"strate-contenu\">\n<h2 class=\"wp-block-heading has-text-align-left\">Laboratorio de educaci\u00f3n musical, bienestar y potencial humano (Lab-EMBEPH)<\/h2>\n\n\n\n<div class=\"wp-block-csrtcommun-gutenberg-block-bloc-largeur-3-4 bloc-largeur-3-4__wrapper\">\n<p>Laboratorio de educaci\u00f3n musical, bienestar y potencial humano (Lab-EMBEPH) se interesa por los efectos beneficiosos de la educaci\u00f3n musical en el bienestar y en el desarrollo del potencial humano. Compuesto por un equipo multidisciplinario de expertos, se dedica a generar nuevos conocimientos, difundirlos y movilizarlos dentro de la comunidad. El laboratorio pretende ser un lugar de colaboraci\u00f3n que busca desarrollar y hacer accesibles pr\u00e1cticas musicales innovadoras que puedan contribuir de manera positiva a la salud y el desarrollo del ser humano.<\/p>\n<\/div>\n\n\n\n<section class=\"wp-block-csrtcommun-gutenberg-block-bloc-strate  strate bg-gris-pale\" aria-label=\"\"><div class=\"strate-contenu\">\n<div class=\"wp-block-columns is-layout-flex wp-container-core-columns-is-layout-9d6595d7 wp-block-columns-is-layout-flex\">\n<div class=\"wp-block-column is-layout-flow wp-block-column-is-layout-flow\"><div class=\"wp-block-image\">\n<figure class=\"aligncenter size-full\"><img loading=\"lazy\" decoding=\"async\" width=\"688\" height=\"358\" src=\"https:\/\/lab-embeph.mus.ulaval.ca\/\/app\/uploads\/2023\/10\/mission.jpg\" alt=\"\" class=\"wp-image-510\" srcset=\"https:\/\/lab-embeph.mus.ulaval.ca\/\/app\/uploads\/2023\/10\/mission.jpg 688w, https:\/\/lab-embeph.mus.ulaval.ca\/\/app\/uploads\/2023\/10\/mission-300x156.jpg 300w\" sizes=\"auto, (max-width: 688px) 100vw, 688px\" \/><\/figure>\n<\/div><\/div>\n\n\n\n<div class=\"wp-block-column is-vertically-aligned-center is-layout-flow wp-block-column-is-layout-flow\">\n<h3 class=\"wp-block-heading\">Misi\u00f3n<\/h3>\n\n\n\n<ol class=\"wp-block-list\">\n<li class=\"margin-bottom-30\">Promover el aprendizaje musical como algo fundamental en el plan de estudios y en la vida cotidiana por su contribuci\u00f3n a la salud en general. <\/li>\n\n\n\n<li>Facilitar el acceso al aprendizaje musical a todas las personas, especialmente a las poblaciones vulnerables. <\/li>\n<\/ol>\n<\/div>\n<\/div>\n<div class=\"clearFix\"><\/div><\/div><\/section>\n\n\n\n<section class=\"wp-block-csrtcommun-gutenberg-block-bloc-strate  strate bg-undefined\" aria-label=\"\"><div class=\"strate-contenu\">\n<div class=\"wp-block-columns are-vertically-aligned-center is-layout-flex wp-container-core-columns-is-layout-9d6595d7 wp-block-columns-is-layout-flex\">\n<div class=\"wp-block-column is-vertically-aligned-center is-layout-flow wp-block-column-is-layout-flow\">\n<h3 class=\"wp-block-heading\">\u00c1reas de investigaci\u00f3n<\/h3>\n\n\n\n<ol class=\"wp-block-list\">\n<li class=\"margin-bottom-30\">Hacer que el aprendizaje musical sea accesible para todos mediante el desarrollo de pr\u00e1cticas musicales inclusivas que garanticen la participaci\u00f3n del mayor n\u00famero posible de personas, en particular de los grupos vulnerables.<\/li>\n\n\n\n<li class=\"margin-bottom-30\">Desarrollar enfoques que garanticen el aprendizaje musical a lo largo de toda la vida, integrando tecnolog\u00edas digitales innovadoras en la ense\u00f1anza musical y creando estrategias y herramientas que faciliten la pr\u00e1ctica musical a cualquier edad.<\/li>\n\n\n\n<li class=\"margin-bottom-30\">Facilitar la implementaci\u00f3n de pr\u00e1cticas musicales que promuevan el bienestar colaborando con diferentes \u00e1mbitos, en particular el \u00e1mbito de la salud, para identificar las mejores pr\u00e1cticas musicales seg\u00fan su contexto y desarrollar estrategias y herramientas adaptadas a sus necesidades.<\/li>\n\n\n\n<li>Contribuir a la actualizaci\u00f3n de las pr\u00e1cticas pedag\u00f3gicas musicales que favorecen el desarrollo del potencial humano mediante la creaci\u00f3n de alianzas con la comunidad, la divulgaci\u00f3n y difusi\u00f3n de los resultados de los proyectos de investigaci\u00f3n y el desarrollo de actividades de formaci\u00f3n adaptadas a los diferentes entornos.<\/li>\n<\/ol>\n<\/div>\n\n\n\n<div class=\"wp-block-column is-vertically-aligned-center is-layout-flow wp-block-column-is-layout-flow\"><div class=\"wp-block-image\">\n<figure class=\"aligncenter size-large\"><img loading=\"lazy\" decoding=\"async\" width=\"831\" height=\"1024\" src=\"https:\/\/lab-embeph.mus.ulaval.ca\/wp-content\/uploads\/2023\/10\/musiquer-toute-la-vie-831x1024.jpg\" alt=\"\" class=\"wp-image-431\" srcset=\"https:\/\/lab-embeph.mus.ulaval.ca\/\/app\/uploads\/2023\/10\/musiquer-toute-la-vie-831x1024.jpg 831w, https:\/\/lab-embeph.mus.ulaval.ca\/\/app\/uploads\/2023\/10\/musiquer-toute-la-vie-243x300.jpg 243w, https:\/\/lab-embeph.mus.ulaval.ca\/\/app\/uploads\/2023\/10\/musiquer-toute-la-vie-768x946.jpg 768w, https:\/\/lab-embeph.mus.ulaval.ca\/\/app\/uploads\/2023\/10\/musiquer-toute-la-vie-1247x1536.jpg 1247w, https:\/\/lab-embeph.mus.ulaval.ca\/\/app\/uploads\/2023\/10\/musiquer-toute-la-vie-1662x2048.jpg 1662w\" sizes=\"auto, (max-width: 831px) 100vw, 831px\" \/><\/figure>\n<\/div><\/div>\n<\/div>\n<div class=\"clearFix\"><\/div><\/div><\/section>\n<div class=\"clearFix\"><\/div><\/div><\/section>\n","protected":false},"excerpt":{"rendered":"","protected":false},"author":7,"featured_media":0,"parent":0,"menu_order":0,"comment_status":"closed","ping_status":"closed","template":"page-titre.php","meta":{"_acf_changed":false,"footnotes":""},"class_list":["post-935","page","type-page","status-publish","hentry"],"acf":[],"_links":{"self":[{"href":"https:\/\/lab-embeph.mus.ulaval.ca\/es\/wp-json\/wp\/v2\/pages\/935","targetHints":{"allow":["GET"]}}],"collection":[{"href":"https:\/\/lab-embeph.mus.ulaval.ca\/es\/wp-json\/wp\/v2\/pages"}],"about":[{"href":"https:\/\/lab-embeph.mus.ulaval.ca\/es\/wp-json\/wp\/v2\/types\/page"}],"author":[{"embeddable":true,"href":"https:\/\/lab-embeph.mus.ulaval.ca\/es\/wp-json\/wp\/v2\/users\/7"}],"replies":[{"embeddable":true,"href":"https:\/\/lab-embeph.mus.ulaval.ca\/es\/wp-json\/wp\/v2\/comments?post=935"}],"version-history":[{"count":4,"href":"https:\/\/lab-embeph.mus.ulaval.ca\/es\/wp-json\/wp\/v2\/pages\/935\/revisions"}],"predecessor-version":[{"id":959,"href":"https:\/\/lab-embeph.mus.ulaval.ca\/es\/wp-json\/wp\/v2\/pages\/935\/revisions\/959"}],"wp:attachment":[{"href":"https:\/\/lab-embeph.mus.ulaval.ca\/es\/wp-json\/wp\/v2\/media?parent=935"}],"curies":[{"name":"wp","href":"https:\/\/api.w.org\/{rel}","templated":true}]}}