{"id":937,"date":"2021-01-13T21:03:35","date_gmt":"2021-01-13T20:03:35","guid":{"rendered":"https:\/\/lab-embeph.mus.ulaval.ca\/accueil\/"},"modified":"2025-10-28T13:23:23","modified_gmt":"2025-10-28T17:23:23","slug":"accueil","status":"publish","type":"page","link":"https:\/\/lab-embeph.mus.ulaval.ca\/es\/","title":{"rendered":"Inicio"},"content":{"rendered":"\n<section class=\"wp-block-csrtcommun-gutenberg-block-bloc-strate  strate\" aria-label=\"\"><div class=\"strate-contenu\">\n<div class=\"wp-block-csrtcommun-gutenberg-block-bloc-entete bloc-entete__wrapper\"><div class=\"bloc-entete\"><h1 class=\"accent\">Laboratorio de educaci\u00f3n musical, bienestar y potencial humano (Lab EMBEPH)<\/h1><div class=\"body\"><\/div><\/div><\/div>\n\n\n\n<div class=\"wp-block-media-text is-stacked-on-mobile is-image-fill\"><figure class=\"wp-block-media-text__media\" style=\"background-image:url(https:\/\/lab-embeph.mus.ulaval.ca\/wp-content\/uploads\/2023\/10\/Using-Music-to-Help-Unlock-Alzheimer-s-Patients-Memories-1024x538.jpg);background-position:50% 50%\"><img loading=\"lazy\" decoding=\"async\" width=\"1024\" height=\"538\" src=\"https:\/\/lab-embeph.mus.ulaval.ca\/wp-content\/uploads\/2023\/10\/Using-Music-to-Help-Unlock-Alzheimer-s-Patients-Memories-1024x538.jpg\" alt=\"\" class=\"wp-image-460 size-full\"\/><\/figure><div class=\"wp-block-media-text__content\">\n<p>El Laboratorio de educaci\u00f3n musical, bienestar y potencial humano (Lab EMBEPH) se interesa por los efectos beneficiosos de la educaci\u00f3n musical en el bienestar y en el desarrollo del potencial humano. Compuesto por un equipo multidisciplinario de expertos, se dedica a generar nuevos conocimientos, difundirlos y movilizarlos dentro de la comunidad. El laboratorio pretende ser un lugar de colaboraci\u00f3n que busca desarrollar y hacer accesibles pr\u00e1cticas musicales innovadoras que puedan contribuir de manera positiva a la salud y el desarrollo del ser humano.<\/p>\n\n\n\n<div class=\"wp-block-csrtcommun-gutenberg-block-bloc-bouton-lien bouton-lien__wrapper texte-center\"><a class=\"bouton-lien accent-strate\" href=\"https:\/\/lab-embeph.mus.ulaval.ca\/es\/a-propos\/\">M\u00e1s informaci\u00f3n sobre el laboratorio<\/a><\/div>\n<\/div><\/div>\n<div class=\"clearFix\"><\/div><\/div><\/section>\n\n<section class=\"wp-block-csrtcommun-gutenberg-block-bloc-strate  strate bg-gris-pale\" aria-label=\"\"><div class=\"strate-contenu\"><div class=\"posts_bloc__wrapper \"><h2 class=\"accent\">Actualit\u00e9s<\/h2><section class=\"posts_bloc__liste avec-image\"><ul class=\"posts_bloc__liste-ul\"><li class=\"posts_bloc__article  grid-4-posts\">\n\t\t\t\t\t<div class=\"posts_bloc__article-image\"><img decoding=\"async\" src=\"https:\/\/lab-embeph.mus.ulaval.ca\/\/app\/uploads\/2025\/12\/Colloque-Durango-790x1024.jpg\" alt=\"\"\/><\/div>\n\t\t\t\t\t<div class=\"posts_bloc__article-contenu\"><div class=\"posts_bloc__article-titre\"><h3>Le Lab-EMBEPH \u00e0 l&#8217;Universidad Juarez de l&#8217;Estado de Durango (UJED) au M\u00e9xique<\/h3><\/div><div class=\"posts_bloc__article-extrait\">Marie-Claude Mathieu, Angelina Lynne et Malinalli Peral Garcia, toutes les trois membres du Laboratoire \u00e9ducation [&hellip;]<\/div><div class=\"posts_bloc__article-date\"><span>12 November 2025<\/span><\/div><a class=\"posts_bloc__article-lien\" href=\"https:\/\/lab-embeph.mus.ulaval.ca\/es\/actualites\/le-lab-embeph-a-lecole-superieure-de-musique-de-luniversite-juarez-de-letat-de-durango-au-mexique-lors-du-vii-colloque-international-experiences-et-defis-de-la-recherche-musicale\/\"><span class=\"texte-hors-ecran\">Le Lab-EMBEPH \u00e0 l&#8217;Universidad Juarez de l&#8217;Estado de Durango (UJED) au M\u00e9xique<\/span><\/a><\/div>\n\t\t\t\t<\/li><li class=\"posts_bloc__article  grid-4-posts\">\n\t\t\t\t\t<div class=\"posts_bloc__article-image\"><img decoding=\"async\" src=\"https:\/\/lab-embeph.mus.ulaval.ca\/\/app\/uploads\/2025\/12\/ACFAS_5mai-1024x808.jpg\" alt=\"\"\/><\/div>\n\t\t\t\t\t<div class=\"posts_bloc__article-contenu\"><div class=\"posts_bloc__article-titre\"><h3>Colloque \u00abKisk\u00eayihtamowin : r\u00e9surgence des p\u00e9dagogies autochtones\u00bb<\/h3><\/div><div class=\"posts_bloc__article-extrait\">Marie-Claude Mathieu, doctorante en \u00e9ducation musicale et membre du Lab-EMBEPH, a pris part au colloque [&hellip;]<\/div><div class=\"posts_bloc__article-date\"><span>5 May 2025<\/span><\/div><a class=\"posts_bloc__article-lien\" href=\"https:\/\/lab-embeph.mus.ulaval.ca\/es\/actualites\/le-lab-embeph-au-colloque-kiskeyihtamowin-resurgence-des-pedagogies-autochtones-dans-le-cadre-du-congres-de-lacfas-a-montreal\/\"><span class=\"texte-hors-ecran\">Colloque \u00abKisk\u00eayihtamowin : r\u00e9surgence des p\u00e9dagogies autochtones\u00bb<\/span><\/a><\/div>\n\t\t\t\t<\/li><li class=\"posts_bloc__article  grid-4-posts\">\n\t\t\t\t\t<div class=\"posts_bloc__article-image\"><img decoding=\"async\" src=\"https:\/\/lab-embeph.mus.ulaval.ca\/\/app\/uploads\/2025\/03\/Mathieu_MC-731x1024.jpg\" alt=\"\"\/><\/div>\n\t\t\t\t\t<div class=\"posts_bloc__article-contenu\"><div class=\"posts_bloc__article-titre\"><h3>Marie-Claude Mathieu pr\u00e9sente son projet de doctorat \u00e0 la HEP Vaud \u00e0 Lausanne<\/h3><\/div><div class=\"posts_bloc__article-extrait\">Le 7 mars dernier, Marie-Claude Mathieu, doctorante en \u00e9ducation et musicale et charg\u00e9e de cours [&hellip;]<\/div><div class=\"posts_bloc__article-date\"><span>7 March 2025<\/span><\/div><a class=\"posts_bloc__article-lien\" href=\"https:\/\/lab-embeph.mus.ulaval.ca\/es\/actualites\/marie-claude-mathieu-membre-du-lab-embeph-a-presente-son-projet-de-doctorat-a-la-haute-ecole-pedagogique-du-canton-de-vaud-a-lausanne-lors-de-la-journee-detude-collaborations-et-creations-da\/\"><span class=\"texte-hors-ecran\">Marie-Claude Mathieu pr\u00e9sente son projet de doctorat \u00e0 la HEP Vaud \u00e0 Lausanne<\/span><\/a><\/div>\n\t\t\t\t<\/li><li class=\"posts_bloc__article  grid-4-posts\">\n\t\t\t\t\t<div class=\"posts_bloc__article-image\"><img decoding=\"async\" src=\"https:\/\/lab-embeph.mus.ulaval.ca\/\/app\/uploads\/2024\/03\/ISME-2024-1-1024x494.jpg\" alt=\"\"\/><\/div>\n\t\t\t\t\t<div class=\"posts_bloc__article-contenu\"><div class=\"posts_bloc__article-titre\"><h3>Symposium accept\u00e9 au 36e Congr\u00e8s de l&#8217;ISME &#8211; Helsinki 2024<\/h3><\/div><div class=\"posts_bloc__article-extrait\">Le Symposium intitul\u00e9 &#8220;How might music education contribute to wellbeing and human potential for individuals, [&hellip;]<\/div><div class=\"posts_bloc__article-date\"><span>18 March 2024<\/span><\/div><a class=\"posts_bloc__article-lien\" href=\"https:\/\/lab-embeph.mus.ulaval.ca\/es\/actualites\/symposium-accepte-au-congres-isme-2024\/\"><span class=\"texte-hors-ecran\">Symposium accept\u00e9 au 36e Congr\u00e8s de l&#8217;ISME &#8211; Helsinki 2024<\/span><\/a><\/div>\n\t\t\t\t<\/li><\/ul><div class=\"bouton-lien__wrapper\"><a href=\"https:\/\/lab-embeph.mus.ulaval.ca\/actualites\/\" class=\"bouton-lien\">Voir toutes les actualit\u00e9s<\/a><\/div><\/section><\/div><div class=\"clearFix\"><\/div><\/div><\/section>\n\n<section class=\"wp-block-csrtcommun-gutenberg-block-bloc-strate  strate bg-undefined\" aria-label=\"\"><div class=\"strate-contenu\"><div class=\"posts_bloc__wrapper \"><h2 class=\"accent\">\u00c9v\u00e9nements \u00e0 venir<\/h2><section class=\"posts_bloc__liste avec-image\"><ul class=\"posts_bloc__liste-ul\"><div class=\"msg-aucun\">Aucun \u00e9v\u00e9nement \u00e0 venir.<\/div><\/ul><div class=\"bouton-lien__wrapper\"><a href=\"https:\/\/lab-embeph.mus.ulaval.ca\/evenements\/\" class=\"bouton-lien\">Voir tous les \u00e9v\u00e9nements<\/a><\/div><\/section><\/div><div class=\"clearFix\"><\/div><\/div><\/section>\n\n<section class=\"wp-block-csrtcommun-gutenberg-block-bloc-strate-image-contenu  strate undefined bg-gris-pale\"><div class=\"strate-contenu-image right\"><div class=\"bloc-contenu\"><div>\n<h2 class=\"wp-block-heading\">SOS Tutor\u00eda<\/h2>\n\n\n\n<p>\u00a1Cont\u00e1ctenos para obtener asesoramiento personalizado!<\/p>\n\n\n\n<div class=\"wp-block-csrtcommun-gutenberg-block-bloc-bouton-lien bouton-lien__wrapper texte-gauche\"><a class=\"bouton-lien accent-strate\" href=\"mailto:lab-embeph@mus.ulaval.ca\">Contactar con el laboratorio<\/a><\/div>\n<\/div><\/div><div class=\" bloc-image  image-active\"><img decoding=\"async\" src=\"https:\/\/lab-embeph.mus.ulaval.ca\/\/app\/uploads\/2023\/10\/33d3288a6d5c4ad1adae674d034c01f3.webp\"\/><\/div><\/div><\/section>\n","protected":false},"excerpt":{"rendered":"","protected":false},"author":12,"featured_media":0,"parent":0,"menu_order":0,"comment_status":"closed","ping_status":"closed","template":"","meta":{"_acf_changed":false,"footnotes":""},"class_list":["post-937","page","type-page","status-publish","hentry"],"acf":[],"_links":{"self":[{"href":"https:\/\/lab-embeph.mus.ulaval.ca\/es\/wp-json\/wp\/v2\/pages\/937","targetHints":{"allow":["GET"]}}],"collection":[{"href":"https:\/\/lab-embeph.mus.ulaval.ca\/es\/wp-json\/wp\/v2\/pages"}],"about":[{"href":"https:\/\/lab-embeph.mus.ulaval.ca\/es\/wp-json\/wp\/v2\/types\/page"}],"author":[{"embeddable":true,"href":"https:\/\/lab-embeph.mus.ulaval.ca\/es\/wp-json\/wp\/v2\/users\/12"}],"replies":[{"embeddable":true,"href":"https:\/\/lab-embeph.mus.ulaval.ca\/es\/wp-json\/wp\/v2\/comments?post=937"}],"version-history":[{"count":4,"href":"https:\/\/lab-embeph.mus.ulaval.ca\/es\/wp-json\/wp\/v2\/pages\/937\/revisions"}],"predecessor-version":[{"id":961,"href":"https:\/\/lab-embeph.mus.ulaval.ca\/es\/wp-json\/wp\/v2\/pages\/937\/revisions\/961"}],"wp:attachment":[{"href":"https:\/\/lab-embeph.mus.ulaval.ca\/es\/wp-json\/wp\/v2\/media?parent=937"}],"curies":[{"name":"wp","href":"https:\/\/api.w.org\/{rel}","templated":true}]}}