{"id":939,"date":"2023-10-10T13:55:49","date_gmt":"2023-10-10T17:55:49","guid":{"rendered":"https:\/\/lab-embeph.mus.ulaval.ca\/actualites\/"},"modified":"2025-10-28T13:14:19","modified_gmt":"2025-10-28T17:14:19","slug":"actualites","status":"publish","type":"page","link":"https:\/\/lab-embeph.mus.ulaval.ca\/es\/actualites\/","title":{"rendered":"Noticias"},"content":{"rendered":"\n<section class=\"wp-block-csrtcommun-gutenberg-block-bloc-strate  strate bg-undefined\" aria-label=\"\"><div class=\"strate-contenu\"><div class=\"posts_bloc__wrapper \"><section class=\"posts_bloc__liste avec-image\"><ul class=\"posts_bloc__liste-ul\"><li class=\"posts_bloc__article  grid-3-posts\">\n\t\t\t\t\t<div class=\"posts_bloc__article-image\"><img decoding=\"async\" src=\"https:\/\/lab-embeph.mus.ulaval.ca\/\/app\/uploads\/2025\/12\/Colloque-Durango-790x1024.jpg\" alt=\"\"\/><\/div>\n\t\t\t\t\t<div class=\"posts_bloc__article-contenu\"><div class=\"posts_bloc__article-titre\"><h3>Le Lab-EMBEPH \u00e0 l&#8217;Universidad Juarez de l&#8217;Estado de Durango (UJED) au M\u00e9xique<\/h3><\/div><div class=\"posts_bloc__article-extrait\">Marie-Claude Mathieu, Angelina Lynne et Malinalli Peral Garcia, toutes les trois membres du Laboratoire \u00e9ducation [&hellip;]<\/div><div class=\"posts_bloc__article-date\"><span>12 November 2025<\/span><\/div><a class=\"posts_bloc__article-lien\" href=\"https:\/\/lab-embeph.mus.ulaval.ca\/es\/actualites\/le-lab-embeph-a-lecole-superieure-de-musique-de-luniversite-juarez-de-letat-de-durango-au-mexique-lors-du-vii-colloque-international-experiences-et-defis-de-la-recherche-musicale\/\"><span class=\"texte-hors-ecran\">Le Lab-EMBEPH \u00e0 l&#8217;Universidad Juarez de l&#8217;Estado de Durango (UJED) au M\u00e9xique<\/span><\/a><\/div>\n\t\t\t\t<\/li><li class=\"posts_bloc__article  grid-3-posts\">\n\t\t\t\t\t<div class=\"posts_bloc__article-image\"><img decoding=\"async\" src=\"https:\/\/lab-embeph.mus.ulaval.ca\/\/app\/uploads\/2025\/12\/ACFAS_5mai-1024x808.jpg\" alt=\"\"\/><\/div>\n\t\t\t\t\t<div class=\"posts_bloc__article-contenu\"><div class=\"posts_bloc__article-titre\"><h3>Colloque \u00abKisk\u00eayihtamowin : r\u00e9surgence des p\u00e9dagogies autochtones\u00bb<\/h3><\/div><div class=\"posts_bloc__article-extrait\">Marie-Claude Mathieu, doctorante en \u00e9ducation musicale et membre du Lab-EMBEPH, a pris part au colloque [&hellip;]<\/div><div class=\"posts_bloc__article-date\"><span>5 May 2025<\/span><\/div><a class=\"posts_bloc__article-lien\" href=\"https:\/\/lab-embeph.mus.ulaval.ca\/es\/actualites\/le-lab-embeph-au-colloque-kiskeyihtamowin-resurgence-des-pedagogies-autochtones-dans-le-cadre-du-congres-de-lacfas-a-montreal\/\"><span class=\"texte-hors-ecran\">Colloque \u00abKisk\u00eayihtamowin : r\u00e9surgence des p\u00e9dagogies autochtones\u00bb<\/span><\/a><\/div>\n\t\t\t\t<\/li><li class=\"posts_bloc__article  grid-3-posts\">\n\t\t\t\t\t<div class=\"posts_bloc__article-image\"><img decoding=\"async\" src=\"https:\/\/lab-embeph.mus.ulaval.ca\/\/app\/uploads\/2025\/03\/Mathieu_MC-731x1024.jpg\" alt=\"\"\/><\/div>\n\t\t\t\t\t<div class=\"posts_bloc__article-contenu\"><div class=\"posts_bloc__article-titre\"><h3>Marie-Claude Mathieu pr\u00e9sente son projet de doctorat \u00e0 la HEP Vaud \u00e0 Lausanne<\/h3><\/div><div class=\"posts_bloc__article-extrait\">Le 7 mars dernier, Marie-Claude Mathieu, doctorante en \u00e9ducation et musicale et charg\u00e9e de cours [&hellip;]<\/div><div class=\"posts_bloc__article-date\"><span>7 March 2025<\/span><\/div><a class=\"posts_bloc__article-lien\" href=\"https:\/\/lab-embeph.mus.ulaval.ca\/es\/actualites\/marie-claude-mathieu-membre-du-lab-embeph-a-presente-son-projet-de-doctorat-a-la-haute-ecole-pedagogique-du-canton-de-vaud-a-lausanne-lors-de-la-journee-detude-collaborations-et-creations-da\/\"><span class=\"texte-hors-ecran\">Marie-Claude Mathieu pr\u00e9sente son projet de doctorat \u00e0 la HEP Vaud \u00e0 Lausanne<\/span><\/a><\/div>\n\t\t\t\t<\/li><li class=\"posts_bloc__article  grid-3-posts\">\n\t\t\t\t\t<div class=\"posts_bloc__article-image\"><img decoding=\"async\" src=\"https:\/\/lab-embeph.mus.ulaval.ca\/\/app\/uploads\/2024\/03\/ISME-2024-1-1024x494.jpg\" alt=\"\"\/><\/div>\n\t\t\t\t\t<div class=\"posts_bloc__article-contenu\"><div class=\"posts_bloc__article-titre\"><h3>Symposium accept\u00e9 au 36e Congr\u00e8s de l&#8217;ISME &#8211; Helsinki 2024<\/h3><\/div><div class=\"posts_bloc__article-extrait\">Le Symposium intitul\u00e9 &#8220;How might music education contribute to wellbeing and human potential for individuals, [&hellip;]<\/div><div class=\"posts_bloc__article-date\"><span>18 March 2024<\/span><\/div><a class=\"posts_bloc__article-lien\" href=\"https:\/\/lab-embeph.mus.ulaval.ca\/es\/actualites\/symposium-accepte-au-congres-isme-2024\/\"><span class=\"texte-hors-ecran\">Symposium accept\u00e9 au 36e Congr\u00e8s de l&#8217;ISME &#8211; Helsinki 2024<\/span><\/a><\/div>\n\t\t\t\t<\/li><\/ul><\/section><\/div><div class=\"clearFix\"><\/div><\/div><\/section>\n","protected":false},"excerpt":{"rendered":"","protected":false},"author":7,"featured_media":0,"parent":0,"menu_order":0,"comment_status":"closed","ping_status":"closed","template":"page-titre.php","meta":{"_acf_changed":false,"footnotes":""},"class_list":["post-939","page","type-page","status-publish","hentry"],"acf":[],"_links":{"self":[{"href":"https:\/\/lab-embeph.mus.ulaval.ca\/es\/wp-json\/wp\/v2\/pages\/939","targetHints":{"allow":["GET"]}}],"collection":[{"href":"https:\/\/lab-embeph.mus.ulaval.ca\/es\/wp-json\/wp\/v2\/pages"}],"about":[{"href":"https:\/\/lab-embeph.mus.ulaval.ca\/es\/wp-json\/wp\/v2\/types\/page"}],"author":[{"embeddable":true,"href":"https:\/\/lab-embeph.mus.ulaval.ca\/es\/wp-json\/wp\/v2\/users\/7"}],"replies":[{"embeddable":true,"href":"https:\/\/lab-embeph.mus.ulaval.ca\/es\/wp-json\/wp\/v2\/comments?post=939"}],"version-history":[{"count":2,"href":"https:\/\/lab-embeph.mus.ulaval.ca\/es\/wp-json\/wp\/v2\/pages\/939\/revisions"}],"predecessor-version":[{"id":952,"href":"https:\/\/lab-embeph.mus.ulaval.ca\/es\/wp-json\/wp\/v2\/pages\/939\/revisions\/952"}],"wp:attachment":[{"href":"https:\/\/lab-embeph.mus.ulaval.ca\/es\/wp-json\/wp\/v2\/media?parent=939"}],"curies":[{"name":"wp","href":"https:\/\/api.w.org\/{rel}","templated":true}]}}