{"id":940,"date":"2023-10-10T13:59:50","date_gmt":"2023-10-10T17:59:50","guid":{"rendered":"https:\/\/lab-embeph.mus.ulaval.ca\/evenements\/"},"modified":"2025-10-28T13:23:33","modified_gmt":"2025-10-28T17:23:33","slug":"evenements","status":"publish","type":"page","link":"https:\/\/lab-embeph.mus.ulaval.ca\/es\/evenements\/","title":{"rendered":"Eventos"},"content":{"rendered":"\n<section class=\"wp-block-csrtcommun-gutenberg-block-bloc-strate  strate bg-undefined\" aria-label=\"\"><div class=\"strate-contenu\"><div class=\"posts_bloc__wrapper \"><h2 class=\"accent\">\u00c9v\u00e9nements \u00e0 venir<\/h2><section class=\"posts_bloc__liste avec-image\"><ul class=\"posts_bloc__liste-ul\"><div class=\"msg-aucun\">Aucun \u00e9v\u00e9nement \u00e0 venir.<\/div><\/ul><\/section><\/div><div class=\"clearFix\"><\/div><\/div><\/section>\n\n<section class=\"wp-block-csrtcommun-gutenberg-block-bloc-strate  strate bg-gris-pale\" aria-label=\"\"><div class=\"strate-contenu\"><div class=\"posts_bloc__wrapper \"><h2 class=\"accent\">\u00c9v\u00e9nements pass\u00e9s<\/h2><section class=\"posts_bloc__liste avec-image\"><ul class=\"posts_bloc__liste-ul\"><div class=\"msg-aucun\">Aucun \u00e9v\u00e9nement \u00e0 afficher.<\/div><\/ul><\/section><\/div><div class=\"clearFix\"><\/div><\/div><\/section>\n","protected":false},"excerpt":{"rendered":"","protected":false},"author":7,"featured_media":0,"parent":0,"menu_order":0,"comment_status":"closed","ping_status":"closed","template":"page-titre.php","meta":{"_acf_changed":false,"footnotes":""},"class_list":["post-940","page","type-page","status-publish","hentry"],"acf":[],"_links":{"self":[{"href":"https:\/\/lab-embeph.mus.ulaval.ca\/es\/wp-json\/wp\/v2\/pages\/940","targetHints":{"allow":["GET"]}}],"collection":[{"href":"https:\/\/lab-embeph.mus.ulaval.ca\/es\/wp-json\/wp\/v2\/pages"}],"about":[{"href":"https:\/\/lab-embeph.mus.ulaval.ca\/es\/wp-json\/wp\/v2\/types\/page"}],"author":[{"embeddable":true,"href":"https:\/\/lab-embeph.mus.ulaval.ca\/es\/wp-json\/wp\/v2\/users\/7"}],"replies":[{"embeddable":true,"href":"https:\/\/lab-embeph.mus.ulaval.ca\/es\/wp-json\/wp\/v2\/comments?post=940"}],"version-history":[{"count":2,"href":"https:\/\/lab-embeph.mus.ulaval.ca\/es\/wp-json\/wp\/v2\/pages\/940\/revisions"}],"predecessor-version":[{"id":963,"href":"https:\/\/lab-embeph.mus.ulaval.ca\/es\/wp-json\/wp\/v2\/pages\/940\/revisions\/963"}],"wp:attachment":[{"href":"https:\/\/lab-embeph.mus.ulaval.ca\/es\/wp-json\/wp\/v2\/media?parent=940"}],"curies":[{"name":"wp","href":"https:\/\/api.w.org\/{rel}","templated":true}]}}