{"id":941,"date":"2021-01-13T21:09:25","date_gmt":"2021-01-13T20:09:25","guid":{"rendered":"https:\/\/lab-embeph.mus.ulaval.ca\/nous-joindre\/"},"modified":"2025-10-28T13:20:39","modified_gmt":"2025-10-28T17:20:39","slug":"nous-joindre","status":"publish","type":"page","link":"https:\/\/lab-embeph.mus.ulaval.ca\/es\/nous-joindre\/","title":{"rendered":"Cont\u00e1ctenos"},"content":{"rendered":"\n<section class=\"wp-block-csrtcommun-gutenberg-block-bloc-strate  strate bg-undefined\" aria-label=\"\"><div class=\"strate-contenu\">\n<div class=\"wp-block-csrtcommun-gutenberg-block-bloc-nous-joindre bloc-nous-joindre__wrapper\"><div class=\"bloc-col-gauche__wrapper\"><div class=\"titre\">Laboratorio de educaci\u00f3n musical, bienestar y potencial humano<\/div><div class=\"adresse\"><\/div><div class=\"telephone\"><a href=\"tel:-\" aria-label=\"Num\u00e9ro de t\u00e9l\u00e9phone :  \"><span aria-hidden=\"true\">&#8211;<\/span><\/a><\/div><div class=\"courriel\"><a href=\"mailto:lab-embeph@mus.ulaval.ca\" aria-label=\"Adresse courriel lab-embeph@mus.ulaval.ca\">lab-embeph@mus.ulaval.ca<\/a><\/div><\/div><div class=\"bloc-col-droite__wrapper\"><div><\/div><\/div><\/div>\n<div class=\"clearFix\"><\/div><\/div><\/section>\n","protected":false},"excerpt":{"rendered":"","protected":false},"author":1,"featured_media":0,"parent":0,"menu_order":0,"comment_status":"closed","ping_status":"closed","template":"page-titre.php","meta":{"_acf_changed":false,"footnotes":""},"class_list":["post-941","page","type-page","status-publish","hentry"],"acf":[],"_links":{"self":[{"href":"https:\/\/lab-embeph.mus.ulaval.ca\/es\/wp-json\/wp\/v2\/pages\/941","targetHints":{"allow":["GET"]}}],"collection":[{"href":"https:\/\/lab-embeph.mus.ulaval.ca\/es\/wp-json\/wp\/v2\/pages"}],"about":[{"href":"https:\/\/lab-embeph.mus.ulaval.ca\/es\/wp-json\/wp\/v2\/types\/page"}],"author":[{"embeddable":true,"href":"https:\/\/lab-embeph.mus.ulaval.ca\/es\/wp-json\/wp\/v2\/users\/1"}],"replies":[{"embeddable":true,"href":"https:\/\/lab-embeph.mus.ulaval.ca\/es\/wp-json\/wp\/v2\/comments?post=941"}],"version-history":[{"count":2,"href":"https:\/\/lab-embeph.mus.ulaval.ca\/es\/wp-json\/wp\/v2\/pages\/941\/revisions"}],"predecessor-version":[{"id":957,"href":"https:\/\/lab-embeph.mus.ulaval.ca\/es\/wp-json\/wp\/v2\/pages\/941\/revisions\/957"}],"wp:attachment":[{"href":"https:\/\/lab-embeph.mus.ulaval.ca\/es\/wp-json\/wp\/v2\/media?parent=941"}],"curies":[{"name":"wp","href":"https:\/\/api.w.org\/{rel}","templated":true}]}}