{"id":942,"date":"2023-10-10T13:38:42","date_gmt":"2023-10-10T17:38:42","guid":{"rendered":"https:\/\/lab-embeph.mus.ulaval.ca\/projets\/"},"modified":"2025-10-28T13:43:36","modified_gmt":"2025-10-28T17:43:36","slug":"projets","status":"publish","type":"page","link":"https:\/\/lab-embeph.mus.ulaval.ca\/es\/projets\/","title":{"rendered":"Proyectos"},"content":{"rendered":"\n<section class=\"wp-block-csrtcommun-gutenberg-block-bloc-strate  strate bg-undefined\" aria-label=\"\"><div class=\"strate-contenu\">\n<p>Queremos expresar nuestro profundo agradecimiento al Fondo Marthe Bourgeois para la innovaci\u00f3n, cuyo apoyo financiero contribuye de manera significativa a la realizaci\u00f3n de los proyectos del Laboratorio. Gracias a esta generosa contribuci\u00f3n, pueden ponerse en marcha varias iniciativas prometedoras que tendr\u00e1n un impacto concreto en la comunidad.<\/p>\n<div class=\"clearFix\"><\/div><\/div><\/section>\n\n<section class=\"wp-block-csrtcommun-gutenberg-block-bloc-strate  strate bg-undefined\" aria-label=\"\"><div class=\"strate-contenu\">\n<h2 class=\"wp-block-heading\">Proyectos actuales<\/h2>\n\n\n<div class=\"posts_bloc__wrapper \"><section class=\"posts_bloc__liste avec-image\"><ul class=\"posts_bloc__liste-ul\"><li class='posts_bloc__article projet grid-3-posts'><div class='posts_bloc__article-image'><img src='https:\/\/lab-embeph.mus.ulaval.ca\/\/app\/uploads\/2023\/10\/web-pluscarre-872x1024-1-e1698242704541.jpg' \/><\/div><div class='posts_bloc__article-contenu'><div class=\"posts_bloc__article-titre\"><h3>Silencio<\/h3><\/div><\/div><a class='posts_bloc__article-lien' href='https:\/\/lab-embeph.mus.ulaval.ca\/es\/projets\/silencio\/?etat=actif&#038;'><span class='texte-hors-ecran'>Silencio<\/span><\/a><\/li><li class='posts_bloc__article projet grid-3-posts'><div class='posts_bloc__article-image'><img src='https:\/\/lab-embeph.mus.ulaval.ca\/\/app\/uploads\/2024\/07\/douleur-chronique-1024x525.jpg' \/><\/div><div class='posts_bloc__article-contenu'><div class=\"posts_bloc__article-titre\"><h3>Dolor cr\u00f3nico<\/h3><\/div><\/div><a class='posts_bloc__article-lien' href='https:\/\/lab-embeph.mus.ulaval.ca\/es\/projets\/douleur-chronique\/?etat=actif&#038;'><span class='texte-hors-ecran'>Dolor cr\u00f3nico<\/span><\/a><\/li><li class='posts_bloc__article projet grid-3-posts'><div class='posts_bloc__article-image'><img src='https:\/\/lab-embeph.mus.ulaval.ca\/\/app\/uploads\/2024\/03\/Projet_Bien-etre_1-859x1024.jpg' \/><\/div><div class='posts_bloc__article-contenu'><div class=\"posts_bloc__article-titre\"><h3>Grupo de apoyo para especialistas en m\u00fasica de primaria<\/h3><\/div><\/div><a class='posts_bloc__article-lien' href='https:\/\/lab-embeph.mus.ulaval.ca\/es\/projets\/groupe-de-soutien-pour-les-specialistes-en-musique-au-primaire\/?etat=actif&#038;'><span class='texte-hors-ecran'>Grupo de apoyo para especialistas en m\u00fasica de primaria<\/span><\/a><\/li><li class='posts_bloc__article projet grid-3-posts'><div class='posts_bloc__article-image'><img src='https:\/\/lab-embeph.mus.ulaval.ca\/\/app\/uploads\/2024\/03\/music-581732_1280-1024x768.jpg' \/><\/div><div class='posts_bloc__article-contenu'><div class=\"posts_bloc__article-titre\"><h3>Permitir a las personas mayores con problemas de audici\u00f3n volver a disfrutar de la m\u00fasica gracias a actividades musicales en l\u00ednea.<\/h3><\/div><\/div><a class='posts_bloc__article-lien' href='https:\/\/lab-embeph.mus.ulaval.ca\/es\/projets\/permettre-aux-personnes-agees-malentendantes-de-renouer-avec-la-musique-grace-a-des-activites-musicales-en-ligne\/?etat=actif&#038;'><span class='texte-hors-ecran'>Permitir a las personas mayores con problemas de audici\u00f3n volver a disfrutar de la m\u00fasica gracias a actividades musicales en l\u00ednea.<\/span><\/a><\/li><li class='posts_bloc__article projet grid-3-posts'><div class='posts_bloc__article-image'><img src='https:\/\/lab-embeph.mus.ulaval.ca\/\/app\/uploads\/2023\/10\/csm_20210930_oeuvre_autochtone_mp_6345_6c3adcf336.jpg' \/><\/div><div class='posts_bloc__article-contenu'><div class=\"posts_bloc__article-titre\"><h3>Tambores en voces aut\u00f3ctonas para c\u00edrculos de educaci\u00f3n musical en t\u00e9rminos aut\u00f3ctonos (DIIV)<\/h3><\/div><\/div><a class='posts_bloc__article-lien' href='https:\/\/lab-embeph.mus.ulaval.ca\/es\/projets\/drumming-in-indigenous-voices-to-music-education-circles-on-indigenous-terms-diiv\/?etat=actif&#038;'><span class='texte-hors-ecran'>Tambores en voces aut\u00f3ctonas para c\u00edrculos de educaci\u00f3n musical en t\u00e9rminos aut\u00f3ctonos (DIIV)<\/span><\/a><\/li><li class='posts_bloc__article projet grid-3-posts'><div class='posts_bloc__article-image'><img src='https:\/\/lab-embeph.mus.ulaval.ca\/\/app\/uploads\/2023\/10\/Musiquer-toute-la-vie.png' \/><\/div><div class='posts_bloc__article-contenu'><div class=\"posts_bloc__article-titre\"><h3>Envejecimiento de la producci\u00f3n del lenguaje hablado en cantantes y no cantantes<\/h3><\/div><\/div><a class='posts_bloc__article-lien' href='https:\/\/lab-embeph.mus.ulaval.ca\/es\/projets\/aging-of-spoken-language-production-in-singers-and-non-singers\/?etat=actif&#038;'><span class='texte-hors-ecran'>Envejecimiento de la producci\u00f3n del lenguaje hablado en cantantes y no cantantes<\/span><\/a><\/li><li class='posts_bloc__article projet grid-3-posts'><div class='posts_bloc__article-image'><img src='https:\/\/lab-embeph.mus.ulaval.ca\/\/app\/uploads\/2023\/10\/maison-retraite-heureux-1024x512.jpeg' \/><\/div><div class='posts_bloc__article-contenu'><div class=\"posts_bloc__article-titre\"><h3>Residencias para personas mayores y alternativas: propuesta de un prototipo con vistas a un posible Laboratorio viviente<\/h3><\/div><\/div><a class='posts_bloc__article-lien' href='https:\/\/lab-embeph.mus.ulaval.ca\/es\/projets\/maisons-des-aines-et-alternatives-proposition-dun-prototype-en-vue-dun-potentiel-living-lab\/?etat=actif&#038;'><span class='texte-hors-ecran'>Residencias para personas mayores y alternativas: propuesta de un prototipo con vistas a un posible Laboratorio viviente<\/span><\/a><\/li><li class='posts_bloc__article projet grid-3-posts'><div class='posts_bloc__article-image'><img src='https:\/\/lab-embeph.mus.ulaval.ca\/\/app\/uploads\/2023\/10\/fitness-826940_640.jpg' \/><\/div><div class='posts_bloc__article-contenu'><div class=\"posts_bloc__article-titre\"><h3>Mi cuerpo, mi instrumento<\/h3><\/div><\/div><a class='posts_bloc__article-lien' href='https:\/\/lab-embeph.mus.ulaval.ca\/es\/projets\/mon-corps-mon-instrument\/?etat=actif&#038;'><span class='texte-hors-ecran'>Mi cuerpo, mi instrumento<\/span><\/a><\/li><li class='posts_bloc__article projet grid-3-posts'><div class='posts_bloc__article-image'><img src='https:\/\/lab-embeph.mus.ulaval.ca\/\/app\/uploads\/2023\/10\/Soundbeam_promo_1200x1200.webp' \/><\/div><div class='posts_bloc__article-contenu'><div class=\"posts_bloc__article-titre\"><h3>Soundbeam e inclusi\u00f3n<\/h3><\/div><\/div><a class='posts_bloc__article-lien' href='https:\/\/lab-embeph.mus.ulaval.ca\/es\/projets\/soundbeam-et-inclusion\/?etat=actif&#038;'><span class='texte-hors-ecran'>Soundbeam e inclusi\u00f3n<\/span><\/a><\/li><li class='posts_bloc__article projet grid-3-posts'><div class='posts_bloc__article-image'><img src='https:\/\/lab-embeph.mus.ulaval.ca\/\/app\/uploads\/2023\/10\/jeux-musicaux-enfant.jpeg' \/><\/div><div class='posts_bloc__article-contenu'><div class=\"posts_bloc__article-titre\"><h3>En juego por la m\u00fasica<\/h3><\/div><\/div><a class='posts_bloc__article-lien' href='https:\/\/lab-embeph.mus.ulaval.ca\/es\/projets\/en-jeu-pour-la-musique\/?etat=actif&#038;'><span class='texte-hors-ecran'>En juego por la m\u00fasica<\/span><\/a><\/li><li class='posts_bloc__article projet grid-3-posts'><div class='posts_bloc__article-image'><img src='https:\/\/lab-embeph.mus.ulaval.ca\/\/app\/uploads\/2023\/10\/ef0456ff-gettyimages-532782325-scaled-1-1024x639.jpg' \/><\/div><div class='posts_bloc__article-contenu'><div class=\"posts_bloc__article-titre\"><h3>Musicar toda la vida<\/h3><\/div><\/div><a class='posts_bloc__article-lien' href='https:\/\/lab-embeph.mus.ulaval.ca\/es\/projets\/musiquer-toute-la-vie\/?etat=actif&#038;'><span class='texte-hors-ecran'>Musicar toda la vida<\/span><\/a><\/li><\/ul><\/section><\/div><div class=\"clearFix\"><\/div><\/div><\/section>\n\n<section class=\"wp-block-csrtcommun-gutenberg-block-bloc-strate  strate bg-gris-pale\" aria-label=\"\"><div class=\"strate-contenu\">\n<h2 class=\"wp-block-heading\">Proyectos terminados<\/h2>\n\n\n<div class=\"posts_bloc__wrapper \"><section class=\"posts_bloc__liste avec-image\"><ul class=\"posts_bloc__liste-ul\"><div class=\"msg-aucun\">Aucun projet \u00e0 afficher.<\/div><\/ul><\/section><\/div>\n\n<div class=\"posts_bloc__wrapper \"><section class=\"posts_bloc__liste avec-image\"><ul class=\"posts_bloc__liste-ul\"><div class=\"msg-aucun\">Aucun projet \u00e0 afficher.<\/div><\/ul><\/section><\/div><div class=\"clearFix\"><\/div><\/div><\/section>\n","protected":false},"excerpt":{"rendered":"","protected":false},"author":7,"featured_media":0,"parent":0,"menu_order":0,"comment_status":"closed","ping_status":"closed","template":"page-titre.php","meta":{"_acf_changed":false,"footnotes":""},"class_list":["post-942","page","type-page","status-publish","hentry"],"acf":[],"_links":{"self":[{"href":"https:\/\/lab-embeph.mus.ulaval.ca\/es\/wp-json\/wp\/v2\/pages\/942","targetHints":{"allow":["GET"]}}],"collection":[{"href":"https:\/\/lab-embeph.mus.ulaval.ca\/es\/wp-json\/wp\/v2\/pages"}],"about":[{"href":"https:\/\/lab-embeph.mus.ulaval.ca\/es\/wp-json\/wp\/v2\/types\/page"}],"author":[{"embeddable":true,"href":"https:\/\/lab-embeph.mus.ulaval.ca\/es\/wp-json\/wp\/v2\/users\/7"}],"replies":[{"embeddable":true,"href":"https:\/\/lab-embeph.mus.ulaval.ca\/es\/wp-json\/wp\/v2\/comments?post=942"}],"version-history":[{"count":3,"href":"https:\/\/lab-embeph.mus.ulaval.ca\/es\/wp-json\/wp\/v2\/pages\/942\/revisions"}],"predecessor-version":[{"id":1078,"href":"https:\/\/lab-embeph.mus.ulaval.ca\/es\/wp-json\/wp\/v2\/pages\/942\/revisions\/1078"}],"wp:attachment":[{"href":"https:\/\/lab-embeph.mus.ulaval.ca\/es\/wp-json\/wp\/v2\/media?parent=942"}],"curies":[{"name":"wp","href":"https:\/\/api.w.org\/{rel}","templated":true}]}}