{"id":943,"date":"2023-10-10T13:45:49","date_gmt":"2023-10-10T17:45:49","guid":{"rendered":"https:\/\/lab-embeph.mus.ulaval.ca\/publications\/"},"modified":"2025-10-28T13:25:54","modified_gmt":"2025-10-28T17:25:54","slug":"publications","status":"publish","type":"page","link":"https:\/\/lab-embeph.mus.ulaval.ca\/es\/publications\/","title":{"rendered":"Publicaciones"},"content":{"rendered":"\n<section class=\"wp-block-csrtcommun-gutenberg-block-bloc-strate  strate bg-undefined\" aria-label=\"\"><div class=\"strate-contenu\">\n<div class=\"wp-block-getwid-content-timeline gauche\" data-animation=\"none\" data-filling=\"true\"><div class=\"wp-block-getwid-content-timeline__line\"><div class=\"wp-block-getwid-content-timeline__bar\"><\/div><\/div><div class=\"wp-block-getwid-content-timeline__wrapper\">\n<div class=\"wp-block-getwid-content-timeline-item\"><div class=\"wp-block-getwid-content-timeline-item__wrapper\"><div class=\"wp-block-getwid-content-timeline-item__card\"><div class=\"wp-block-getwid-content-timeline-item__card-wrapper\"><div class=\"wp-block-getwid-content-timeline-item__content-wrapper\"><div class=\"wp-block-getwid-content-timeline-item__mobile-meta\"><p class=\"wp-block-getwid-content-timeline-item__meta-content\">2023<\/p><\/div>\n<h3 class=\"wp-block-heading\">The Impact of Musicking on Emotion Regulation: A Systematic Review and Meta-Analysis<\/h3>\n\n\n\n<p><strong>Peters, V<\/strong>., Bissonnette, J., Nadeau, D., Gauthier-L\u00e9gar\u00e9, A., &amp; No\u00ebl, M.-A. (2023). <em>The impact of musicking on emotion regulation: A systematic review and meta-analysis.<\/em> Psychology of Music.<\/p>\n\n\n\n<p><a href=\"https:\/\/doi.org\/10.1177\/03057356231212362\" target=\"_blank\" rel=\"noreferrer noopener\">https:\/\/doi.org\/10.1177\/03057356231212362<\/a><\/p>\n\n\n\n<h3 class=\"wp-block-heading\">Psychological health of professors: Transforming university culture<\/h3>\n\n\n\n<p><strong>Peters, V.<\/strong>, Dobbs, T. L., Barrett, J. R., &amp; Hickey, M. (accept\u00e9). <em>Psychological health of professors: Transforming university culture<\/em>. In M. Silverman &amp; N. Niknafs (Eds.), Oxford Handbook of Feminism and Music Education (OHFME). <\/p>\n<\/div><\/div><\/div><div class=\"wp-block-getwid-content-timeline-item__point\"><div class=\"wp-block-getwid-content-timeline-item__point-content\"><\/div><\/div><div class=\"wp-block-getwid-content-timeline-item__meta\"><p class=\"wp-block-getwid-content-timeline-item__meta-content\">2023<\/p><\/div><\/div><\/div>\n<\/div><\/div>\n<div class=\"clearFix\"><\/div><\/div><\/section>\n","protected":false},"excerpt":{"rendered":"","protected":false},"author":12,"featured_media":0,"parent":0,"menu_order":0,"comment_status":"closed","ping_status":"closed","template":"page-titre.php","meta":{"_acf_changed":false,"footnotes":""},"class_list":["post-943","page","type-page","status-publish","hentry"],"acf":[],"_links":{"self":[{"href":"https:\/\/lab-embeph.mus.ulaval.ca\/es\/wp-json\/wp\/v2\/pages\/943","targetHints":{"allow":["GET"]}}],"collection":[{"href":"https:\/\/lab-embeph.mus.ulaval.ca\/es\/wp-json\/wp\/v2\/pages"}],"about":[{"href":"https:\/\/lab-embeph.mus.ulaval.ca\/es\/wp-json\/wp\/v2\/types\/page"}],"author":[{"embeddable":true,"href":"https:\/\/lab-embeph.mus.ulaval.ca\/es\/wp-json\/wp\/v2\/users\/12"}],"replies":[{"embeddable":true,"href":"https:\/\/lab-embeph.mus.ulaval.ca\/es\/wp-json\/wp\/v2\/comments?post=943"}],"version-history":[{"count":2,"href":"https:\/\/lab-embeph.mus.ulaval.ca\/es\/wp-json\/wp\/v2\/pages\/943\/revisions"}],"predecessor-version":[{"id":965,"href":"https:\/\/lab-embeph.mus.ulaval.ca\/es\/wp-json\/wp\/v2\/pages\/943\/revisions\/965"}],"wp:attachment":[{"href":"https:\/\/lab-embeph.mus.ulaval.ca\/es\/wp-json\/wp\/v2\/media?parent=943"}],"curies":[{"name":"wp","href":"https:\/\/api.w.org\/{rel}","templated":true}]}}